{"id":111,"date":"2019-11-26T12:23:06","date_gmt":"2019-11-26T11:23:06","guid":{"rendered":"https:\/\/demosites.io\/blogger-gb\/?page_id=6"},"modified":"2022-09-08T17:39:35","modified_gmt":"2022-09-08T15:39:35","slug":"uber-mich","status":"publish","type":"page","link":"https:\/\/culinatalie.xindaya.ch\/index.php\/uber-mich\/","title":{"rendered":"\u00dcber mich"},"content":{"rendered":"\n<div id=\"wp-block-themeisle-blocks-advanced-columns-c3397b6c\" class=\"wp-block-themeisle-blocks-advanced-columns alignfull has-1-columns has-desktop-equal-layout has-tablet-equal-layout has-mobile-equal-layout has-vertical-unset\"><div class=\"wp-block-themeisle-blocks-advanced-columns-overlay\"><\/div><div class=\"innerblocks-wrap\">\n<div id=\"wp-block-themeisle-blocks-advanced-column-f1a738cd\" class=\"wp-block-themeisle-blocks-advanced-column\">\n<h1 class=\"ticss-323b0dc0 wp-block-heading\">\u00dcber mich<\/h1>\n<\/div>\n<\/div><\/div>\n\n\n\n<div class=\"wp-block-columns is-layout-flex wp-container-core-columns-is-layout-9d6595d7 wp-block-columns-is-layout-flex\">\n<div class=\"wp-block-column is-layout-flow wp-block-column-is-layout-flow\">\n<p>Mamas Gurkensalat zum Zvieri, farbige Zuckermandeln von Migros auf Schulreisen immer mit dabei, Papas Super Sugo (Spaghetti Bolognese) als \u00abLiablingsessa\u00bb im Freundschaftsb\u00fcchlein&nbsp;eingetragen. Der w\u00f6chentliche Besuch beim Omi, der vielleicht fleissigsten K\u00f6chin \u00fcberhaupt, die&nbsp;mir ganz sicher eine grosse Portion Leidenschaft f\u00fcrs Kochen, Essen und Geniessen geschenkt&nbsp;hat.&nbsp;<\/p>\n\n\n\n<p>Auch Fotos belegen (danke Mama und Papa!), dass ich schon als Kind gerne etwas genascht habe. Aus ersten Vorlieben im kulinarischen Bereich wurde mittlerweile eine grosse Freude, die ich&nbsp;am liebsten am Kochherd auslebe. Ich liebe es zu experimentieren, zu improvisieren und zu&nbsp;probieren. <\/p>\n<\/div>\n\n\n\n<div class=\"wp-block-column is-layout-flow wp-block-column-is-layout-flow\">\n<p>Kochen verstehe ich als hohe Kunst, die mir die Freiheit gibt, Mut zu beweisen und daf\u00fcr&nbsp;belohnt zu werden.<\/p>\n\n\n\n<p>Wenn es Dich neugierig oder \u00abeifach gluschtig\u00bb macht, eine simple und authentische K\u00fcche zu erleben, mit saisonalen Produkten, die gr\u00f6sstenteils aus nachhaltigem\/r Anbau\/Produktion stammen,&nbsp;dann w\u00fcnsche ich Dir viel Freude mit&nbsp;CuliNatalie. Grazcha fich.&nbsp;<\/p>\n<\/div>\n<\/div>\n\n\n\n<div id=\"wp-block-themeisle-blocks-advanced-columns-c0dddeb4\" class=\"wp-block-themeisle-blocks-advanced-columns alignfull has-3-columns has-desktop-equal-layout has-tablet-equal-layout has-mobile-equal-layout has-vertical-center ticss-e5dae148\"><div class=\"wp-block-themeisle-blocks-advanced-columns-overlay\"><\/div><div class=\"innerblocks-wrap\">\n<div id=\"wp-block-themeisle-blocks-advanced-column-05a9c2d9\" class=\"wp-block-themeisle-blocks-advanced-column ticss-1c8994ea\">\n<figure class=\"wp-block-image size-full\"><img loading=\"lazy\" decoding=\"async\" width=\"576\" height=\"1024\" src=\"https:\/\/culinatalie.xindaya.ch\/wp-content\/uploads\/2022\/06\/DSC_0560-576x1024-1.jpg\" alt=\"\" class=\"wp-image-10\" srcset=\"https:\/\/culinatalie.xindaya.ch\/wp-content\/uploads\/2022\/06\/DSC_0560-576x1024-1.jpg 576w, https:\/\/culinatalie.xindaya.ch\/wp-content\/uploads\/2022\/06\/DSC_0560-576x1024-1-169x300.jpg 169w\" sizes=\"auto, (max-width: 576px) 100vw, 576px\" \/><\/figure>\n<\/div>\n\n\n\n<div id=\"wp-block-themeisle-blocks-advanced-column-44e0e60e\" class=\"wp-block-themeisle-blocks-advanced-column\">\n<figure class=\"wp-block-image size-full\"><img loading=\"lazy\" decoding=\"async\" width=\"576\" height=\"1024\" src=\"https:\/\/culinatalie.xindaya.ch\/wp-content\/uploads\/2022\/06\/DSC_0559-e1494533226662-576x1024-1.jpg\" alt=\"\" class=\"wp-image-11\" srcset=\"https:\/\/culinatalie.xindaya.ch\/wp-content\/uploads\/2022\/06\/DSC_0559-e1494533226662-576x1024-1.jpg 576w, https:\/\/culinatalie.xindaya.ch\/wp-content\/uploads\/2022\/06\/DSC_0559-e1494533226662-576x1024-1-169x300.jpg 169w\" sizes=\"auto, (max-width: 576px) 100vw, 576px\" \/><\/figure>\n<\/div>\n\n\n\n<div id=\"wp-block-themeisle-blocks-advanced-column-95e2559b\" class=\"wp-block-themeisle-blocks-advanced-column\">\n<figure class=\"wp-block-image size-full\"><img loading=\"lazy\" decoding=\"async\" width=\"576\" height=\"1024\" src=\"https:\/\/culinatalie.xindaya.ch\/wp-content\/uploads\/2022\/06\/DSC_0553-576x1024-1.jpg\" alt=\"\" class=\"wp-image-12\" srcset=\"https:\/\/culinatalie.xindaya.ch\/wp-content\/uploads\/2022\/06\/DSC_0553-576x1024-1.jpg 576w, https:\/\/culinatalie.xindaya.ch\/wp-content\/uploads\/2022\/06\/DSC_0553-576x1024-1-169x300.jpg 169w\" sizes=\"auto, (max-width: 576px) 100vw, 576px\" \/><\/figure>\n<\/div>\n<\/div><\/div>\n\n\n\n<div id=\"wp-block-themeisle-blocks-advanced-columns-5a83b79b\" class=\"wp-block-themeisle-blocks-advanced-columns alignfull has-2-columns has-desktop-equal-layout has-tablet-equal-layout has-mobile-collapsedRows-layout has-vertical-center\"><div class=\"wp-block-themeisle-blocks-advanced-columns-overlay\"><\/div><div class=\"innerblocks-wrap\">\n<div id=\"wp-block-themeisle-blocks-advanced-column-02495679\" class=\"wp-block-themeisle-blocks-advanced-column ticss-48ef8f35\">\n<p id=\"wp-block-themeisle-blocks-advanced-heading-a67260d8\" class=\"wp-block-themeisle-blocks-advanced-heading wp-block-themeisle-blocks-advanced-heading-a67260d8 animated zoomIn\"><strong>CATERING<\/strong><\/p>\n\n\n\n<h3 class=\"has-neve-text-color-color has-text-color wp-block-heading\">Vom Mini-Willkommensgruss \u00fcber H\u00e4ppchen-Buffets bis zu Mehrg\u00e4nger am Tisch serviert, das alles sind Caterings von CuliNatalie.<\/h3>\n\n\n\n<p>B\u00fcndner Gerschtasuppa im Gl\u00e4sli mit Speck-Spiassli, Mini-Canap\u00e9s oder Wasabi-Tarte mit Lachs;&nbsp;es gibt sie alle auch hundertfach. Ob f\u00fcr 1 Person oder f\u00fcr 100 Personen, meine&nbsp;Ap\u00e9roh\u00e4ppchen haben alle eines gemeinsam: sie sind frisch, etwas anders und nat\u00fcrlich immer&nbsp;selbstgemacht.<\/p>\n\n\n\n<p>Ob Ap\u00e9roplatten zur Geburtstagsfeier oder komplette Buffets f\u00fcr den Tag der offenen T\u00fcr, die CuliCaterings sind vielseitig und werden auf Kundenwunsch zusammengestellt.&nbsp;<\/p>\n\n\n\n<p>Du bist an einem CuliCatering interessiert? Dann klick\u203a auf den Button!<\/p>\n\n\n\n<div class=\"wp-block-buttons is-layout-flex wp-block-buttons-is-layout-flex\">\n<div class=\"wp-block-button is-style-default\"><a class=\"wp-block-button__link\">Kontakt<\/a><\/div>\n<\/div>\n<\/div>\n\n\n\n<div id=\"wp-block-themeisle-blocks-advanced-column-67e16009\" class=\"wp-block-themeisle-blocks-advanced-column ticss-5418d6a3\">\n<figure class=\"wp-block-image size-full\"><img loading=\"lazy\" decoding=\"async\" width=\"666\" height=\"500\" src=\"https:\/\/culinatalie.xindaya.ch\/wp-content\/uploads\/2022\/09\/Zizersweb-1-666x500-1.jpg\" alt=\"\" class=\"wp-image-48\" srcset=\"https:\/\/culinatalie.xindaya.ch\/wp-content\/uploads\/2022\/09\/Zizersweb-1-666x500-1.jpg 666w, https:\/\/culinatalie.xindaya.ch\/wp-content\/uploads\/2022\/09\/Zizersweb-1-666x500-1-300x225.jpg 300w\" sizes=\"auto, (max-width: 666px) 100vw, 666px\" \/><\/figure>\n<\/div>\n<\/div><\/div>\n\n\n\n<div id=\"wp-block-themeisle-blocks-advanced-columns-01da9f8d\" class=\"wp-block-themeisle-blocks-advanced-columns alignfull has-2-columns has-desktop-equal-layout has-tablet-equal-layout has-mobile-collapsedRows-layout has-vertical-center\"><div class=\"wp-block-themeisle-blocks-advanced-columns-overlay\"><\/div><div class=\"innerblocks-wrap\">\n<div id=\"wp-block-themeisle-blocks-advanced-column-c8e771d5\" class=\"wp-block-themeisle-blocks-advanced-column ticss-5418d6a3\">\n<figure class=\"wp-block-image size-full\"><img loading=\"lazy\" decoding=\"async\" width=\"666\" height=\"500\" src=\"https:\/\/culinatalie.xindaya.ch\/wp-content\/uploads\/2022\/09\/Zizersweb-1-666x500-1.jpg\" alt=\"\" class=\"wp-image-48\" srcset=\"https:\/\/culinatalie.xindaya.ch\/wp-content\/uploads\/2022\/09\/Zizersweb-1-666x500-1.jpg 666w, https:\/\/culinatalie.xindaya.ch\/wp-content\/uploads\/2022\/09\/Zizersweb-1-666x500-1-300x225.jpg 300w\" sizes=\"auto, (max-width: 666px) 100vw, 666px\" \/><\/figure>\n<\/div>\n\n\n\n<div id=\"wp-block-themeisle-blocks-advanced-column-cc363cc7\" class=\"wp-block-themeisle-blocks-advanced-column ticss-48ef8f35\">\n<p id=\"wp-block-themeisle-blocks-advanced-heading-895623f1\" class=\"wp-block-themeisle-blocks-advanced-heading wp-block-themeisle-blocks-advanced-heading-895623f1 animated zoomIn\"><strong>KoCHKURSE<\/strong><\/p>\n\n\n\n<h3 class=\"has-neve-text-color-color has-text-color wp-block-heading\">Genuss f\u00fcr GROSS und klein<\/h3>\n\n\n\n<p>Du m\u00f6chtest beim n\u00e4chsten Abendessen mit Deinen Freunden brillieren?<br>Du willst Dein Wissen \u00fcber Saucen oder Resteverwertung vertiefen?<br>Deine Kleinen sollten selbst mal Hand anlegen und dabei etwas Wertvolles lernen?<\/p>\n\n\n\n<div class=\"wp-block-buttons is-layout-flex wp-block-buttons-is-layout-flex\">\n<div class=\"wp-block-button is-style-default\"><a class=\"wp-block-button__link\">Kontakt<\/a><\/div>\n<\/div>\n<\/div>\n<\/div><\/div>\n","protected":false},"excerpt":{"rendered":"<p>Mamas Gurkensalat zum Zvieri, farbige Zuckermandeln von Migros auf Schulreisen immer mit dabei, Papas Super Sugo (Spaghetti Bolognese) als \u00abLiablingsessa\u00bb im Freundschaftsb\u00fcchlein&nbsp;eingetragen. Der w\u00f6chentliche Besuch beim Omi, der vielleicht fleissigsten K\u00f6chin \u00fcberhaupt, die&nbsp;mir ganz sicher eine grosse Portion Leidenschaft f\u00fcrs Kochen, Essen und Geniessen geschenkt&nbsp;hat.&nbsp; Auch Fotos belegen (danke Mama und Papa!), dass ich schon&hellip;&nbsp;<a href=\"https:\/\/culinatalie.xindaya.ch\/index.php\/uber-mich\/\" class=\"\" rel=\"bookmark\">Read More &raquo;<span class=\"screen-reader-text\">\u00dcber mich<\/span><\/a><\/p>\n","protected":false},"author":2,"featured_media":0,"parent":0,"menu_order":3,"comment_status":"closed","ping_status":"closed","template":"","meta":{"inline_featured_image":false,"neve_meta_sidebar":"full-width","neve_meta_container":"","neve_meta_enable_content_width":"on","neve_meta_content_width":100,"neve_meta_title_alignment":"","neve_meta_author_avatar":"","neve_post_elements_order":"","neve_meta_disable_header":"","neve_meta_disable_footer":"","neve_meta_disable_title":"on","neve_meta_reading_time":"","_themeisle_gutenberg_block_has_review":false,"footnotes":""},"class_list":["post-111","page","type-page","status-publish","hentry"],"yoast_head":"<!-- This site is optimized with the Yoast SEO plugin v23.6 - https:\/\/yoast.com\/wordpress\/plugins\/seo\/ -->\n<title>\u00dcber mich - CuliNatalie.com<\/title>\n<meta name=\"robots\" content=\"noindex, follow, max-snippet:-1, max-image-preview:large, max-video-preview:-1\" \/>\n<meta property=\"og:locale\" content=\"de_DE\" \/>\n<meta property=\"og:type\" content=\"article\" \/>\n<meta property=\"og:title\" content=\"\u00dcber mich - CuliNatalie.com\" \/>\n<meta property=\"og:description\" content=\"Mamas Gurkensalat zum Zvieri, farbige Zuckermandeln von Migros auf Schulreisen immer mit dabei, Papas Super Sugo (Spaghetti Bolognese) als \u00abLiablingsessa\u00bb im Freundschaftsb\u00fcchlein&nbsp;eingetragen. Der w\u00f6chentliche Besuch beim Omi, der vielleicht fleissigsten K\u00f6chin \u00fcberhaupt, die&nbsp;mir ganz sicher eine grosse Portion Leidenschaft f\u00fcrs Kochen, Essen und Geniessen geschenkt&nbsp;hat.&nbsp; Auch Fotos belegen (danke Mama und Papa!), dass ich schon&hellip;&nbsp;Read More &raquo;\u00dcber mich\" \/>\n<meta property=\"og:url\" content=\"https:\/\/culinatalie.xindaya.ch\/index.php\/uber-mich\/\" \/>\n<meta property=\"og:site_name\" content=\"CuliNatalie.com\" \/>\n<meta property=\"article:modified_time\" content=\"2022-09-08T15:39:35+00:00\" \/>\n<meta property=\"og:image\" content=\"https:\/\/culinatalie.xindaya.ch\/wp-content\/uploads\/2022\/06\/DSC_0560-576x1024-1.jpg\" \/>\n<meta name=\"twitter:card\" content=\"summary_large_image\" \/>\n<meta name=\"twitter:label1\" content=\"Gesch\u00e4tzte Lesezeit\" \/>\n\t<meta name=\"twitter:data1\" content=\"3\u00a0Minuten\" \/>\n<script type=\"application\/ld+json\" class=\"yoast-schema-graph\">{\"@context\":\"https:\/\/schema.org\",\"@graph\":[{\"@type\":\"WebPage\",\"@id\":\"https:\/\/culinatalie.xindaya.ch\/index.php\/uber-mich\/\",\"url\":\"https:\/\/culinatalie.xindaya.ch\/index.php\/uber-mich\/\",\"name\":\"\u00dcber mich - CuliNatalie.com\",\"isPartOf\":{\"@id\":\"https:\/\/culinatalie.xindaya.ch\/#website\"},\"primaryImageOfPage\":{\"@id\":\"https:\/\/culinatalie.xindaya.ch\/index.php\/uber-mich\/#primaryimage\"},\"image\":{\"@id\":\"https:\/\/culinatalie.xindaya.ch\/index.php\/uber-mich\/#primaryimage\"},\"thumbnailUrl\":\"https:\/\/culinatalie.xindaya.ch\/wp-content\/uploads\/2022\/06\/DSC_0560-576x1024-1.jpg\",\"datePublished\":\"2019-11-26T11:23:06+00:00\",\"dateModified\":\"2022-09-08T15:39:35+00:00\",\"breadcrumb\":{\"@id\":\"https:\/\/culinatalie.xindaya.ch\/index.php\/uber-mich\/#breadcrumb\"},\"inLanguage\":\"de-CH\",\"potentialAction\":[{\"@type\":\"ReadAction\",\"target\":[\"https:\/\/culinatalie.xindaya.ch\/index.php\/uber-mich\/\"]}]},{\"@type\":\"ImageObject\",\"inLanguage\":\"de-CH\",\"@id\":\"https:\/\/culinatalie.xindaya.ch\/index.php\/uber-mich\/#primaryimage\",\"url\":\"https:\/\/culinatalie.xindaya.ch\/wp-content\/uploads\/2022\/06\/DSC_0560-576x1024-1.jpg\",\"contentUrl\":\"https:\/\/culinatalie.xindaya.ch\/wp-content\/uploads\/2022\/06\/DSC_0560-576x1024-1.jpg\",\"width\":576,\"height\":1024},{\"@type\":\"BreadcrumbList\",\"@id\":\"https:\/\/culinatalie.xindaya.ch\/index.php\/uber-mich\/#breadcrumb\",\"itemListElement\":[{\"@type\":\"ListItem\",\"position\":1,\"name\":\"Home\",\"item\":\"https:\/\/culinatalie.xindaya.ch\/\"},{\"@type\":\"ListItem\",\"position\":2,\"name\":\"\u00dcber mich\"}]},{\"@type\":\"WebSite\",\"@id\":\"https:\/\/culinatalie.xindaya.ch\/#website\",\"url\":\"https:\/\/culinatalie.xindaya.ch\/\",\"name\":\"CuliNatalie.com\",\"description\":\"hobby chef and passionate food lover\",\"publisher\":{\"@id\":\"https:\/\/culinatalie.xindaya.ch\/#organization\"},\"potentialAction\":[{\"@type\":\"SearchAction\",\"target\":{\"@type\":\"EntryPoint\",\"urlTemplate\":\"https:\/\/culinatalie.xindaya.ch\/?s={search_term_string}\"},\"query-input\":{\"@type\":\"PropertyValueSpecification\",\"valueRequired\":true,\"valueName\":\"search_term_string\"}}],\"inLanguage\":\"de-CH\"},{\"@type\":\"Organization\",\"@id\":\"https:\/\/culinatalie.xindaya.ch\/#organization\",\"name\":\"CuliNatalie.com\",\"url\":\"https:\/\/culinatalie.xindaya.ch\/\",\"logo\":{\"@type\":\"ImageObject\",\"inLanguage\":\"de-CH\",\"@id\":\"https:\/\/culinatalie.xindaya.ch\/#\/schema\/logo\/image\/\",\"url\":\"\",\"contentUrl\":\"\",\"caption\":\"CuliNatalie.com\"},\"image\":{\"@id\":\"https:\/\/culinatalie.xindaya.ch\/#\/schema\/logo\/image\/\"}}]}<\/script>\n<!-- \/ Yoast SEO plugin. -->","yoast_head_json":{"title":"\u00dcber mich - CuliNatalie.com","robots":{"index":"noindex","follow":"follow","max-snippet":"max-snippet:-1","max-image-preview":"max-image-preview:large","max-video-preview":"max-video-preview:-1"},"og_locale":"de_DE","og_type":"article","og_title":"\u00dcber mich - CuliNatalie.com","og_description":"Mamas Gurkensalat zum Zvieri, farbige Zuckermandeln von Migros auf Schulreisen immer mit dabei, Papas Super Sugo (Spaghetti Bolognese) als \u00abLiablingsessa\u00bb im Freundschaftsb\u00fcchlein&nbsp;eingetragen. Der w\u00f6chentliche Besuch beim Omi, der vielleicht fleissigsten K\u00f6chin \u00fcberhaupt, die&nbsp;mir ganz sicher eine grosse Portion Leidenschaft f\u00fcrs Kochen, Essen und Geniessen geschenkt&nbsp;hat.&nbsp; Auch Fotos belegen (danke Mama und Papa!), dass ich schon&hellip;&nbsp;Read More &raquo;\u00dcber mich","og_url":"https:\/\/culinatalie.xindaya.ch\/index.php\/uber-mich\/","og_site_name":"CuliNatalie.com","article_modified_time":"2022-09-08T15:39:35+00:00","og_image":[{"url":"https:\/\/culinatalie.xindaya.ch\/wp-content\/uploads\/2022\/06\/DSC_0560-576x1024-1.jpg"}],"twitter_card":"summary_large_image","twitter_misc":{"Gesch\u00e4tzte Lesezeit":"3\u00a0Minuten"},"schema":{"@context":"https:\/\/schema.org","@graph":[{"@type":"WebPage","@id":"https:\/\/culinatalie.xindaya.ch\/index.php\/uber-mich\/","url":"https:\/\/culinatalie.xindaya.ch\/index.php\/uber-mich\/","name":"\u00dcber mich - CuliNatalie.com","isPartOf":{"@id":"https:\/\/culinatalie.xindaya.ch\/#website"},"primaryImageOfPage":{"@id":"https:\/\/culinatalie.xindaya.ch\/index.php\/uber-mich\/#primaryimage"},"image":{"@id":"https:\/\/culinatalie.xindaya.ch\/index.php\/uber-mich\/#primaryimage"},"thumbnailUrl":"https:\/\/culinatalie.xindaya.ch\/wp-content\/uploads\/2022\/06\/DSC_0560-576x1024-1.jpg","datePublished":"2019-11-26T11:23:06+00:00","dateModified":"2022-09-08T15:39:35+00:00","breadcrumb":{"@id":"https:\/\/culinatalie.xindaya.ch\/index.php\/uber-mich\/#breadcrumb"},"inLanguage":"de-CH","potentialAction":[{"@type":"ReadAction","target":["https:\/\/culinatalie.xindaya.ch\/index.php\/uber-mich\/"]}]},{"@type":"ImageObject","inLanguage":"de-CH","@id":"https:\/\/culinatalie.xindaya.ch\/index.php\/uber-mich\/#primaryimage","url":"https:\/\/culinatalie.xindaya.ch\/wp-content\/uploads\/2022\/06\/DSC_0560-576x1024-1.jpg","contentUrl":"https:\/\/culinatalie.xindaya.ch\/wp-content\/uploads\/2022\/06\/DSC_0560-576x1024-1.jpg","width":576,"height":1024},{"@type":"BreadcrumbList","@id":"https:\/\/culinatalie.xindaya.ch\/index.php\/uber-mich\/#breadcrumb","itemListElement":[{"@type":"ListItem","position":1,"name":"Home","item":"https:\/\/culinatalie.xindaya.ch\/"},{"@type":"ListItem","position":2,"name":"\u00dcber mich"}]},{"@type":"WebSite","@id":"https:\/\/culinatalie.xindaya.ch\/#website","url":"https:\/\/culinatalie.xindaya.ch\/","name":"CuliNatalie.com","description":"hobby chef and passionate food lover","publisher":{"@id":"https:\/\/culinatalie.xindaya.ch\/#organization"},"potentialAction":[{"@type":"SearchAction","target":{"@type":"EntryPoint","urlTemplate":"https:\/\/culinatalie.xindaya.ch\/?s={search_term_string}"},"query-input":{"@type":"PropertyValueSpecification","valueRequired":true,"valueName":"search_term_string"}}],"inLanguage":"de-CH"},{"@type":"Organization","@id":"https:\/\/culinatalie.xindaya.ch\/#organization","name":"CuliNatalie.com","url":"https:\/\/culinatalie.xindaya.ch\/","logo":{"@type":"ImageObject","inLanguage":"de-CH","@id":"https:\/\/culinatalie.xindaya.ch\/#\/schema\/logo\/image\/","url":"","contentUrl":"","caption":"CuliNatalie.com"},"image":{"@id":"https:\/\/culinatalie.xindaya.ch\/#\/schema\/logo\/image\/"}}]}},"_links":{"self":[{"href":"https:\/\/culinatalie.xindaya.ch\/index.php\/wp-json\/wp\/v2\/pages\/111","targetHints":{"allow":["GET"]}}],"collection":[{"href":"https:\/\/culinatalie.xindaya.ch\/index.php\/wp-json\/wp\/v2\/pages"}],"about":[{"href":"https:\/\/culinatalie.xindaya.ch\/index.php\/wp-json\/wp\/v2\/types\/page"}],"author":[{"embeddable":true,"href":"https:\/\/culinatalie.xindaya.ch\/index.php\/wp-json\/wp\/v2\/users\/2"}],"replies":[{"embeddable":true,"href":"https:\/\/culinatalie.xindaya.ch\/index.php\/wp-json\/wp\/v2\/comments?post=111"}],"version-history":[{"count":8,"href":"https:\/\/culinatalie.xindaya.ch\/index.php\/wp-json\/wp\/v2\/pages\/111\/revisions"}],"predecessor-version":[{"id":209,"href":"https:\/\/culinatalie.xindaya.ch\/index.php\/wp-json\/wp\/v2\/pages\/111\/revisions\/209"}],"wp:attachment":[{"href":"https:\/\/culinatalie.xindaya.ch\/index.php\/wp-json\/wp\/v2\/media?parent=111"}],"curies":[{"name":"wp","href":"https:\/\/api.w.org\/{rel}","templated":true}]}}